{"id":52,"date":"2026-05-05T15:22:10","date_gmt":"2026-05-05T15:22:10","guid":{"rendered":"https:\/\/clinicaintegralis.pt\/?page_id=52"},"modified":"2026-05-05T16:16:28","modified_gmt":"2026-05-05T16:16:28","slug":"cp-mae-dentaria","status":"publish","type":"page","link":"https:\/\/clinicaintegralis.pt\/index.php\/cp-mae-dentaria\/","title":{"rendered":"cp mae dentaria"},"content":{"rendered":"\t\t<div data-elementor-type=\"wp-page\" data-elementor-id=\"52\" class=\"elementor elementor-52\">\n\t\t\t\t<div class=\"elementor-element elementor-element-2f1975a e-flex e-con-boxed e-con e-parent\" data-id=\"2f1975a\" data-element_type=\"container\" data-e-type=\"container\">\n\t\t\t\t\t<div class=\"e-con-inner\">\n\t\t\t\t<div class=\"elementor-element elementor-element-8293434 elementor-widget elementor-widget-html\" data-id=\"8293434\" data-element_type=\"widget\" data-e-type=\"widget\" data-widget_type=\"html.default\">\n\t\t\t\t\t<!DOCTYPE html>\r\n<html lang=\"pt-PT\">\r\n<head>\r\n  <meta charset=\"UTF-8\" \/>\r\n  <meta name=\"viewport\" content=\"width=device-width, initial-scale=1.0\" \/>\r\n\r\n  <title>Dent\u00e1ria | Cl\u00ednica Integralis<\/title>\r\n\r\n  <style>\r\n    * {\r\n      box-sizing: border-box;\r\n      margin: 0;\r\n      padding: 0;\r\n    }\r\n\r\n    body {\r\n      font-family: Arial, Helvetica, sans-serif;\r\n      background: #f6f0fb;\r\n      color: #2f204f;\r\n    }\r\n\r\n    .page {\r\n      width: 100%;\r\n      min-height: 100vh;\r\n      display: flex;\r\n      justify-content: center;\r\n      align-items: center;\r\n      padding: 28px 16px;\r\n    }\r\n\r\n    .landing {\r\n      width: 100%;\r\n      max-width: 1080px;\r\n      background: #ffffff;\r\n      border-radius: 28px;\r\n      overflow: hidden;\r\n      box-shadow: 0 20px 60px rgba(63, 37, 105, 0.18);\r\n      display: grid;\r\n      grid-template-columns: 1fr 1fr;\r\n    }\r\n\r\n    .image-area {\r\n      width: 100%;\r\n      min-height: 560px;\r\n      background: #eee5f7;\r\n    }\r\n\r\n    .image-area img {\r\n      width: 100%;\r\n      height: 100%;\r\n      display: block;\r\n      object-fit: cover;\r\n    }\r\n\r\n    .content {\r\n      padding: 56px 44px;\r\n      display: flex;\r\n      flex-direction: column;\r\n      justify-content: center;\r\n    }\r\n\r\n    .tag {\r\n      width: fit-content;\r\n      background: #4b2a7b;\r\n      color: #ffffff;\r\n      padding: 9px 22px;\r\n      border-radius: 999px;\r\n      font-size: 14px;\r\n      font-weight: 800;\r\n      letter-spacing: 1px;\r\n      text-transform: uppercase;\r\n      margin-bottom: 22px;\r\n    }\r\n\r\n    h1 {\r\n      font-size: 44px;\r\n      line-height: 1.08;\r\n      color: #432279;\r\n      margin-bottom: 18px;\r\n    }\r\n\r\n    .subtitle {\r\n      font-size: 21px;\r\n      line-height: 1.45;\r\n      color: #3d3158;\r\n      margin-bottom: 26px;\r\n    }\r\n\r\n    .offer {\r\n      background: #efe7f7;\r\n      border-radius: 20px;\r\n      padding: 20px;\r\n      font-size: 19px;\r\n      line-height: 1.4;\r\n      color: #37274f;\r\n      margin-bottom: 28px;\r\n    }\r\n\r\n    .offer strong {\r\n      color: #35bfae;\r\n      font-weight: 900;\r\n    }\r\n\r\n    .whatsapp-btn {\r\n      display: block;\r\n      width: 100%;\r\n      background: #25d366;\r\n      color: #ffffff;\r\n      text-align: center;\r\n      text-decoration: none;\r\n      padding: 20px 24px;\r\n      border-radius: 18px;\r\n      font-size: 21px;\r\n      font-weight: 900;\r\n      box-shadow: 0 12px 28px rgba(37, 211, 102, 0.35);\r\n      transition: 0.2s ease;\r\n    }\r\n\r\n    .whatsapp-btn:hover {\r\n      background: #1ebe5d;\r\n      transform: translateY(-2px);\r\n    }\r\n\r\n    .note {\r\n      margin-top: 18px;\r\n      font-size: 15px;\r\n      line-height: 1.5;\r\n      color: #6b5b83;\r\n    }\r\n\r\n    .clinic {\r\n      margin-top: 34px;\r\n      font-size: 15px;\r\n      color: #4b2a7b;\r\n      font-weight: 700;\r\n    }\r\n\r\n    @media (max-width: 820px) {\r\n      .page {\r\n        align-items: flex-start;\r\n        padding: 14px;\r\n      }\r\n\r\n      .landing {\r\n        grid-template-columns: 1fr;\r\n        border-radius: 22px;\r\n      }\r\n\r\n      .image-area {\r\n        min-height: auto;\r\n      }\r\n\r\n      .image-area img {\r\n        height: auto;\r\n        object-fit: contain;\r\n      }\r\n\r\n      .content {\r\n        padding: 30px 22px 34px;\r\n        text-align: center;\r\n        align-items: center;\r\n      }\r\n\r\n      h1 {\r\n        font-size: 33px;\r\n      }\r\n\r\n      .subtitle {\r\n        font-size: 18px;\r\n      }\r\n\r\n      .offer {\r\n        font-size: 17px;\r\n      }\r\n\r\n      .whatsapp-btn {\r\n        font-size: 19px;\r\n        padding: 18px 18px;\r\n      }\r\n    }\r\n  <\/style>\r\n<\/head>\r\n\r\n<body>\r\n  <main class=\"page\">\r\n    <section class=\"landing\">\r\n      \r\n      <div class=\"image-area\">\r\n        <img decoding=\"async\" src=\"https:\/\/clinicaintegralis.pt\/wp-content\/uploads\/2026\/05\/dentaria-pagina.png\" alt=\"Campanha Dent\u00e1ria Cl\u00ednica Integralis\">\r\n      <\/div>\r\n\r\n      <div class=\"content\">\r\n        <div class=\"tag\">Dent\u00e1ria<\/div>\r\n\r\n        <h1>Sorriso que merece cuidado<\/h1>\r\n\r\n        <p class=\"subtitle\">\r\n          Fa\u00e7a a sua destartariza\u00e7\u00e3o e aproveite um benef\u00edcio especial em branqueamento.\r\n        <\/p>\r\n\r\n        <div class=\"offer\">\r\n          Campanha especial: <strong>20% de desconto<\/strong> em voucher de branqueamento.\r\n        <\/div>\r\n\r\n        <a\r\n          class=\"whatsapp-btn\"\r\n          href=\"https:\/\/wa.me\/351931325179?text=Ol%C3%A1%21%20Tenho%20interesse%20na%20campanha%20dent%C3%A1ria%20de%20destartariza%C3%A7%C3%A3o%20com%20voucher%20de%20branqueamento%20da%20Cl%C3%ADnica%20Integralis.\"\r\n          target=\"_blank\"\r\n          rel=\"noopener noreferrer\"\r\n        >\r\n          Agendar pelo WhatsApp\r\n        <\/a>\r\n\r\n        <p class=\"note\">\r\n          Clique no bot\u00e3o e fale diretamente connosco para marcar a sua consulta.\r\n        <\/p>\r\n\r\n        <div class=\"clinic\">\r\n          Cl\u00ednica Integralis \u00b7 Cuidar de ti \u00e9 a nossa miss\u00e3o\r\n        <\/div>\r\n      <\/div>\r\n\r\n    <\/section>\r\n  <\/main>\r\n<\/body>\r\n<\/html>\t\t\t\t<\/div>\n\t\t\t\t\t<\/div>\n\t\t\t\t<\/div>\n\t\t\t\t<\/div>\n\t\t","protected":false},"excerpt":{"rendered":"<p>Dent\u00e1ria | Cl\u00ednica Integralis Dent\u00e1ria Sorriso que merece cuidado Fa\u00e7a a sua destartariza\u00e7\u00e3o e aproveite um benef\u00edcio especial em branqueamento. Campanha especial: 20% de desconto em voucher de branqueamento. Agendar pelo WhatsApp Clique no bot\u00e3o e fale diretamente connosco para marcar a sua consulta. Cl\u00ednica Integralis \u00b7 Cuidar de ti \u00e9 a nossa miss\u00e3o<\/p>\n","protected":false},"author":2,"featured_media":0,"parent":0,"menu_order":0,"comment_status":"closed","ping_status":"closed","template":"elementor_canvas","meta":{"footnotes":""},"class_list":["post-52","page","type-page","status-publish","hentry"],"_links":{"self":[{"href":"https:\/\/clinicaintegralis.pt\/index.php\/wp-json\/wp\/v2\/pages\/52","targetHints":{"allow":["GET"]}}],"collection":[{"href":"https:\/\/clinicaintegralis.pt\/index.php\/wp-json\/wp\/v2\/pages"}],"about":[{"href":"https:\/\/clinicaintegralis.pt\/index.php\/wp-json\/wp\/v2\/types\/page"}],"author":[{"embeddable":true,"href":"https:\/\/clinicaintegralis.pt\/index.php\/wp-json\/wp\/v2\/users\/2"}],"replies":[{"embeddable":true,"href":"https:\/\/clinicaintegralis.pt\/index.php\/wp-json\/wp\/v2\/comments?post=52"}],"version-history":[{"count":10,"href":"https:\/\/clinicaintegralis.pt\/index.php\/wp-json\/wp\/v2\/pages\/52\/revisions"}],"predecessor-version":[{"id":77,"href":"https:\/\/clinicaintegralis.pt\/index.php\/wp-json\/wp\/v2\/pages\/52\/revisions\/77"}],"wp:attachment":[{"href":"https:\/\/clinicaintegralis.pt\/index.php\/wp-json\/wp\/v2\/media?parent=52"}],"curies":[{"name":"wp","href":"https:\/\/api.w.org\/{rel}","templated":true}]}}